{"id":92,"date":"2015-06-20T14:38:09","date_gmt":"2015-06-20T12:38:09","guid":{"rendered":"http:\/\/medienverein.org\/stadtrundgang\/?page_id=92"},"modified":"2021-07-28T11:08:14","modified_gmt":"2021-07-28T09:08:14","slug":"stausee-insel","status":"publish","type":"page","link":"https:\/\/medienverein.org\/stadtrundgang\/stausee-insel\/","title":{"rendered":"17. Stausee Insel"},"content":{"rendered":"\n<div class=\"wp-block-image\"><figure class=\"aligncenter is-resized\"><a href=\"http:\/\/medienverein.org\/stadtrundgang\/wp-content\/uploads\/2015\/06\/Bild14.jpg\"><img loading=\"lazy\" decoding=\"async\" src=\"http:\/\/medienverein.org\/stadtrundgang\/wp-content\/uploads\/2015\/06\/Bild14-300x175.jpg\" alt=\"Bild14\" class=\"wp-image-150\" width=\"774\" height=\"452\" srcset=\"https:\/\/medienverein.org\/stadtrundgang\/wp-content\/uploads\/2015\/06\/Bild14-300x175.jpg 300w, https:\/\/medienverein.org\/stadtrundgang\/wp-content\/uploads\/2015\/06\/Bild14-1024x598.jpg 1024w, https:\/\/medienverein.org\/stadtrundgang\/wp-content\/uploads\/2015\/06\/Bild14.jpg 1416w\" sizes=\"auto, (max-width: 774px) 100vw, 774px\" \/><\/a><\/figure><\/div>\n\n\n\n<figure class=\"wp-block-audio\"><audio controls src=\"http:\/\/medienverein.org\/stadtrundgang\/wp-content\/uploads\/2015\/06\/PODCAST.Die-Stauseeinsel.mp3\"><\/audio><\/figure>\n\n\n\n<p class=\"has-text-align-center\"><span style=\"font-family: Georgia,serif;\"><span style=\"font-size: medium;\">Vor sich sehen Sie den Halterner Stausee mit einer ca. 30 Hektar gro\u00dfen Insel in der Mitte. Doch die war nicht immer so. Bis 1969 war die Insel im Norden mit dem Festland verbunden. Im See befanden sich zu der Zeit mehrere kleinere Inseln.<\/span><\/span><\/p>\n\n\n\n<p class=\"has-text-align-center\"><span style=\"font-family: Georgia,serif;\"><span style=\"font-size: medium;\">Nach dem Ersten Weltkrieg war an der M\u00fcndung des M\u00fchlenbaches in die Stever ein Gastronomiebetrieb er\u00f6ffnet worden, der sich in der Folgezeit zu einem Kurhotel entwickelte. Sein Name lautete Overrather Hof.<\/span><\/span><\/p>\n\n\n\n<p class=\"has-text-align-center\"><span style=\"font-family: Georgia,serif;\"><span style=\"font-size: medium;\">Die Fl\u00e4che seines Grundst\u00fccks betrug 16 Morgen, was ungef\u00e4hr 8 Fu\u00dfballfeldern entspricht.<\/span><\/span><\/p>\n\n\n\n<p class=\"has-text-align-center\"><span style=\"font-family: Georgia,serif;\"><span style=\"font-size: medium;\">Angrenzend an den Overrather Hof lag das Strandbad. Ab 1929 wurde der Overrather Hof ausgebaut. Ende 1930 war der Umbau abgeschlossen und der Besitzer Otto Blau konnte ein Kurhotel mit 2500 Sitzpl\u00e4tzen im Gastronomiebereich und 400 Parkpl\u00e4tzen bewerben.<\/span><\/span><\/p>\n\n\n\n<p class=\"has-text-align-center\"><span style=\"font-family: Georgia,serif;\"><span style=\"font-size: medium;\">Mit Beginn des Zweiten Weltkrieges fand die Erfolgsgeschichte des Overrather Hofes ein Ende. Das Hotel wurde f\u00fcr milit\u00e4rische Zwecke beschlagnahmt, so da\u00df Otto Blau den Pachtvertrag 1939 k\u00fcndigte. Das Strandbad wurde ebenfalls geschlossen, bis sich Gelsenwasser dazu entschlo\u00df das Strandbad zur F\u00f6rderung der Volksgesundheit f\u00fcr die Badezeit 1940 wieder zu \u00f6ffnen.<\/span><\/span><\/p>\n\n\n\n<p class=\"has-text-align-center\"><span style=\"font-family: Georgia,serif;\"><span style=\"font-size: medium;\">Im weiteren Verlauf des Krieges beanspruchte ein Panzer-Grenadier-Ausbildungs-Bataillon den Overrather Haf f\u00fcr sich. Einen Tag bevor die amerikanische Armee am 28. M\u00e4rz 1945 in Haltern einr\u00fcckte, r\u00e4umte es den Standort.<\/span><\/span><\/p>\n\n\n\n<p class=\"has-text-align-center\"><span style=\"font-family: Georgia,serif;\"><span style=\"font-size: medium;\">Nach dem Ende des Krieges konnte das ehemalige Kurhotel nicht mehr an seine glanzvolle Vergangenheit ankn\u00fcpfen. Dies lag an der britischen Besatzungsmacht, die das Hotel f\u00fcr sich beschlagnahmte und dort britische Truppen und Familien unterbrachte. W\u00e4hrend dieser Zeit war das Grundst\u00fcck f\u00fcr Deutsche gesperrt.<\/span><\/span><\/p>\n\n\n\n<p class=\"has-text-align-center\"><span style=\"font-family: Georgia,serif;\"><span style=\"font-size: medium;\">Erst 1957 wurde das Haus von den Briten freigegeben. 1958 endete die Geschichte des Overrather Hofes mit dem Abri\u00df s\u00e4mtlicher Geb\u00e4ude.<\/span><\/span><\/p>\n\n\n\n<p class=\"has-text-align-center\"><span style=\"font-family: Georgia,serif;\"><span style=\"font-size: medium;\">1960 stellte Gelsenwasser den Antrag, den Halterner Stausee durch Ausbaggerung zu erweitern. Dem Antrag wurde stattgegeben und die heutige Stauseeinsel entstand. Mitte der 80er Jahre wurden die Ausbauarbeiten abgeschlossen.<\/span><\/span><\/p>\n\n\n\n<p class=\"has-text-align-center\"><span style=\"font-family: Georgia,serif;\"><span style=\"font-size: medium;\">Heute steht die Insel unter Naturschutz. Lediglich Mitarbeiter der Gelsenwasser AG als Eigent\u00fcmer und professionelle Natursch\u00fctzer haben ein Betretungsrecht.<\/span><\/span><\/p>\n\n\n\n<p class=\"has-text-align-center\"><span style=\"font-family: Georgia,serif;\"><span style=\"font-size: medium;\">An den Overrather Haof erinnert nur noch ein alter Laternenmast auf der Insel.<\/span><\/span><\/p>\n\n\n\n<p class=\"has-text-align-center\"><a name=\"_GoBack\"><\/a><span style=\"font-family: Georgia,serif;\"><span style=\"font-size: medium;\"><strong>Dieser Podcast wurde von Leonard K\u00f6nig, Jonas Gernemann und Niklas Boermann im Grundkurs Geschichte der Jahrgangsstufe 12 am Joseph-K\u00f6nig-Gymnasium Haltern am See im Schuljahr 2014\/15 verfasst.<\/strong> <\/span><\/span><\/p>\n","protected":false},"excerpt":{"rendered":"<p>Vor sich sehen Sie den Halterner Stausee mit einer ca. 30 Hektar gro\u00dfen Insel in der Mitte. Doch die war nicht immer so. Bis 1969 war die Insel im Norden mit dem Festland verbunden. Im See befanden sich zu der Zeit mehrere kleinere Inseln. Nach dem Ersten Weltkrieg war an der M\u00fcndung des M\u00fchlenbaches in &hellip; <a href=\"https:\/\/medienverein.org\/stadtrundgang\/stausee-insel\/\" class=\"more-link\"><span class=\"screen-reader-text\">17. Stausee Insel<\/span> weiterlesen<\/a><\/p>\n","protected":false},"author":2,"featured_media":0,"parent":0,"menu_order":17,"comment_status":"open","ping_status":"closed","template":"","meta":{"footnotes":""},"class_list":["post-92","page","type-page","status-publish","hentry"],"_links":{"self":[{"href":"https:\/\/medienverein.org\/stadtrundgang\/wp-json\/wp\/v2\/pages\/92","targetHints":{"allow":["GET"]}}],"collection":[{"href":"https:\/\/medienverein.org\/stadtrundgang\/wp-json\/wp\/v2\/pages"}],"about":[{"href":"https:\/\/medienverein.org\/stadtrundgang\/wp-json\/wp\/v2\/types\/page"}],"author":[{"embeddable":true,"href":"https:\/\/medienverein.org\/stadtrundgang\/wp-json\/wp\/v2\/users\/2"}],"replies":[{"embeddable":true,"href":"https:\/\/medienverein.org\/stadtrundgang\/wp-json\/wp\/v2\/comments?post=92"}],"version-history":[{"count":5,"href":"https:\/\/medienverein.org\/stadtrundgang\/wp-json\/wp\/v2\/pages\/92\/revisions"}],"predecessor-version":[{"id":292,"href":"https:\/\/medienverein.org\/stadtrundgang\/wp-json\/wp\/v2\/pages\/92\/revisions\/292"}],"wp:attachment":[{"href":"https:\/\/medienverein.org\/stadtrundgang\/wp-json\/wp\/v2\/media?parent=92"}],"curies":[{"name":"wp","href":"https:\/\/api.w.org\/{rel}","templated":true}]}}