{"id":88,"date":"2015-06-20T14:33:00","date_gmt":"2015-06-20T12:33:00","guid":{"rendered":"http:\/\/medienverein.org\/stadtrundgang\/?page_id=88"},"modified":"2021-07-28T11:11:34","modified_gmt":"2021-07-28T09:11:34","slug":"joseph-koenig-gymnasium","status":"publish","type":"page","link":"https:\/\/medienverein.org\/stadtrundgang\/joseph-koenig-gymnasium\/","title":{"rendered":"15. Joseph K\u00f6nig Gymnasium"},"content":{"rendered":"\n<div class=\"wp-block-image\"><figure class=\"aligncenter is-resized\"><a href=\"http:\/\/medienverein.org\/stadtrundgang\/wp-content\/uploads\/2015\/06\/Bild7.jpg\"><img loading=\"lazy\" decoding=\"async\" src=\"http:\/\/medienverein.org\/stadtrundgang\/wp-content\/uploads\/2015\/06\/Bild7-300x175.jpg\" alt=\"Bild7\" class=\"wp-image-136\" width=\"608\" height=\"355\" srcset=\"https:\/\/medienverein.org\/stadtrundgang\/wp-content\/uploads\/2015\/06\/Bild7-300x175.jpg 300w, https:\/\/medienverein.org\/stadtrundgang\/wp-content\/uploads\/2015\/06\/Bild7-1024x598.jpg 1024w, https:\/\/medienverein.org\/stadtrundgang\/wp-content\/uploads\/2015\/06\/Bild7.jpg 1398w\" sizes=\"auto, (max-width: 608px) 100vw, 608px\" \/><\/a><\/figure><\/div>\n\n\n\n<figure class=\"wp-block-audio\"><audio controls src=\"http:\/\/medienverein.org\/stadtrundgang\/wp-content\/uploads\/2015\/06\/PODCAST.Joseph.K\u00f6nig.Gymnasium.mp3\"><\/audio><\/figure>\n\n\n\n<p class=\"has-text-align-center\">Bis zur Mitte des 19. Jh. verf\u00fcgte Haltern lediglich \u00fcber eine Volksschule. Dann zeigte sich auch in Haltern eine wachsende Neigung zu einer h\u00f6heren Schulbildung, was 1844 die Gr\u00fcndung der Rektoratsschule zur Folge hatte. Es handelte sich dabei um eine Vorbereitungs- oder Zubringerschule f\u00fcr ein Gymnasium, das nur au\u00dferhalb von Haltern besucht werden konnte. Unter der Bezeichnung \u201eH\u00f6here Stadtschule\u201c zog sie in ein Geb\u00e4ude am Gantepoth Ecke Gaststiege ein. Nach einer \u00dcbergangszeit am Markt bezog die nunmehr Rektoratsschule genannte Schule 1907 ein eigenes neues Geb\u00e4ude auf dem heutigen K\u00e4rntner Platz.<\/p>\n\n\n\n<p class=\"has-text-align-center\">Wenn auch von der \u00fcberwiegenden Mehrheit der Bev\u00f6lkerung skeptisch gesehen, stellt sie f\u00fcr die sie besuchenden Sch\u00fcler durchaus etwas Besonderes dar. So schreibt der ehemalige Sch\u00fcler Karl Leich:<\/p>\n\n\n\n<p class=\"has-text-align-center\">\u201eEine gro\u00dfe Ver\u00e4nderung war f\u00fcr mich mein \u00dcbergang von der Volksschule zur katholischen Rektoratsschule. Das war eine stolze Freude (\u2026.) zu h\u00f6ren, wenn die Leute die Sch\u00fcler der Rektoratsschule Studenten nannten. Aber die Sache hatte auch ihre Kehrseite(,) (\u2026..) besonders die vielen h\u00e4uslichen Arbeiten waren zun\u00e4chst sehr unbequem.\u201c<\/p>\n\n\n\n<p class=\"has-text-align-center\">Nach der Zerst\u00f6rung des Schulgeb\u00e4udes durch Bomben im M\u00e4rz 1945 gab es zun\u00e4chst provisorische Unterbringungen bis 1952 ein neues Schulgeb\u00e4ude an der Holtwicker Stra\u00dfe, heute Josef-Hennewig-Hauptschule, bezogen wurde.<\/p>\n\n\n\n<p class=\"has-text-align-center\">Die Schule hie\u00df nun offiziell st\u00e4dtisches neusprachliches Progymnasium.<\/p>\n\n\n\n<p class=\"has-text-align-center\"><a name=\"_GoBack\"><\/a>Der erste Abiturjahrgang wurde 1962 entlassen, seitdem ist die Schule Vollgymnasium.<\/p>\n\n\n\n<p class=\"has-text-align-center\">Aufgrund steigender Sch\u00fclerzahlen zog das Gymnasium 1980 in das 1974 errichtete und 1980 erweiterte Schulzentrum um.<\/p>\n\n\n\n<p class=\"has-text-align-center\">Das Gymnasium hatte von Anfang an einen sprachlichen Schwerpunkt, so f\u00fchrte es als 4. Schule in NRW 1988 eine bilinguale Klasse ein. Die Auszeichnung als Europaschule im Jahr 2010 zeigt, da\u00df die Schule neben einer erstklassigen schulischen Ausbildung ihren Sch\u00fclern auch ein modernes europ\u00e4isches Weltbild vermittelt.<\/p>\n\n\n\n<p class=\"has-text-align-center\">Seit Beginn des 21. Jahrhunderts tr\u00e4gt die Schule den Namen Joseph-K\u00f6nig-Gymnasium. Der Name erinnert an den Halterner Lebensmittelchemiker, der durch die Entwicklung neuer Analyseverfahren die Basis f\u00fcr die moderne Qualit\u00e4ts\u00fcberwachung in der Lebensmittelbranche legte.<\/p>\n\n\n\n<p class=\"has-text-align-center\"><strong>Erweiterung<\/strong><\/p>\n\n\n\n<figure class=\"wp-block-audio\"><audio controls src=\"http:\/\/medienverein.org\/stadtrundgang\/wp-content\/uploads\/2018\/02\/Podcasterweiterung-JKG.mp3\"><\/audio><\/figure>\n\n\n\n<p class=\"has-text-align-center\">Am 24. M\u00e4rz 2015 starben 16 Sch\u00fclerinnen und Sch\u00fcler sowie die beiden sie begleitenden Lehrerinnen bei einem Flugzeugabsturz in den franz\u00f6sischen Alpen. Sie befanden sich auf dem R\u00fcckflug vom Sch\u00fcleraustausch mit der Partnerschule \u201aInstitut Giola\u2018 in Llinars del Vall\u00e8s in Spanien. Bei dem Absturz kamen alle 149 Personen an Bord ums Leben.<\/p>\n\n\n\n<p class=\"has-text-align-center\">Eine Gedenkplatte vor dem Haupteingang sowie Bilder der Verstorbenen in der Eingangshalle halten die Erinnerung an die 18 Opfer der Schulgemeinde wach. Den Zugang zur Schule s\u00e4umen 18 japanische Zierkirschen, die jedes Jahr Ende M\u00e4rz bl\u00fchen.<\/p>\n\n\n\n<p class=\"has-text-align-center\"><strong><span style=\"font-family: Georgia,serif;\"><span style=\"font-size: large;\">Dieser Podcast wurde von Thorben Prause, Ferdinand Fry und Tim Reichelt im Grundkurs Geschichte der Jahrgangsstufe 12 des J.-K.-Gs im Schuljahr 2014\/15 verfa\u00dft. Der Text wurde 2018 erweitert.<br><\/span><\/span><\/strong><\/p>\n","protected":false},"excerpt":{"rendered":"<p>Bis zur Mitte des 19. Jh. verf\u00fcgte Haltern lediglich \u00fcber eine Volksschule. Dann zeigte sich auch in Haltern eine wachsende Neigung zu einer h\u00f6heren Schulbildung, was 1844 die Gr\u00fcndung der Rektoratsschule zur Folge hatte. Es handelte sich dabei um eine Vorbereitungs- oder Zubringerschule f\u00fcr ein Gymnasium, das nur au\u00dferhalb von Haltern besucht werden konnte. Unter &hellip; <a href=\"https:\/\/medienverein.org\/stadtrundgang\/joseph-koenig-gymnasium\/\" class=\"more-link\"><span class=\"screen-reader-text\">15. Joseph K\u00f6nig Gymnasium<\/span> weiterlesen<\/a><\/p>\n","protected":false},"author":2,"featured_media":0,"parent":0,"menu_order":15,"comment_status":"open","ping_status":"closed","template":"","meta":{"footnotes":""},"class_list":["post-88","page","type-page","status-publish","hentry"],"_links":{"self":[{"href":"https:\/\/medienverein.org\/stadtrundgang\/wp-json\/wp\/v2\/pages\/88","targetHints":{"allow":["GET"]}}],"collection":[{"href":"https:\/\/medienverein.org\/stadtrundgang\/wp-json\/wp\/v2\/pages"}],"about":[{"href":"https:\/\/medienverein.org\/stadtrundgang\/wp-json\/wp\/v2\/types\/page"}],"author":[{"embeddable":true,"href":"https:\/\/medienverein.org\/stadtrundgang\/wp-json\/wp\/v2\/users\/2"}],"replies":[{"embeddable":true,"href":"https:\/\/medienverein.org\/stadtrundgang\/wp-json\/wp\/v2\/comments?post=88"}],"version-history":[{"count":6,"href":"https:\/\/medienverein.org\/stadtrundgang\/wp-json\/wp\/v2\/pages\/88\/revisions"}],"predecessor-version":[{"id":322,"href":"https:\/\/medienverein.org\/stadtrundgang\/wp-json\/wp\/v2\/pages\/88\/revisions\/322"}],"wp:attachment":[{"href":"https:\/\/medienverein.org\/stadtrundgang\/wp-json\/wp\/v2\/media?parent=88"}],"curies":[{"name":"wp","href":"https:\/\/api.w.org\/{rel}","templated":true}]}}