{"id":58,"date":"2015-06-03T19:19:08","date_gmt":"2015-06-03T17:19:08","guid":{"rendered":"http:\/\/medienverein.org\/stadtrundgang\/?page_id=58"},"modified":"2021-07-28T11:10:55","modified_gmt":"2021-07-28T09:10:55","slug":"juedischer-friedhof","status":"publish","type":"page","link":"https:\/\/medienverein.org\/stadtrundgang\/juedischer-friedhof\/","title":{"rendered":"12. J\u00fcdischer Friedhof"},"content":{"rendered":"\n<div class=\"wp-block-image\"><figure class=\"aligncenter is-resized\"><a href=\"http:\/\/medienverein.org\/stadtrundgang\/wp-content\/uploads\/2015\/06\/Bild10.jpg\"><img loading=\"lazy\" decoding=\"async\" src=\"http:\/\/medienverein.org\/stadtrundgang\/wp-content\/uploads\/2015\/06\/Bild10-300x284.jpg\" alt=\"Bild10\" class=\"wp-image-142\" width=\"615\" height=\"582\" srcset=\"https:\/\/medienverein.org\/stadtrundgang\/wp-content\/uploads\/2015\/06\/Bild10-300x284.jpg 300w, https:\/\/medienverein.org\/stadtrundgang\/wp-content\/uploads\/2015\/06\/Bild10-1024x971.jpg 1024w, https:\/\/medienverein.org\/stadtrundgang\/wp-content\/uploads\/2015\/06\/Bild10.jpg 1101w\" sizes=\"auto, (max-width: 615px) 100vw, 615px\" \/><\/a><\/figure><\/div>\n\n\n\n<figure class=\"wp-block-audio\"><audio controls src=\"http:\/\/medienverein.org\/stadtrundgang\/wp-content\/uploads\/2015\/06\/PODCAST.Juedischer-Friedhof.mp3\"><\/audio><\/figure>\n\n\n\n<p class=\"has-text-align-center\">Dieser Friedhof befindet sich seit dem Jahre 1767 an dieser Stelle unmittelbar au\u00dferhalb des alten Stadtgrabens. Am 26. Januar 1997 wurde f\u00fcr die w\u00e4hrend der NS-Gewaltherrschaft verfolgten j\u00fcdischen Mitb\u00fcrger ein Gedenkstein enth\u00fcllt, der in der Form einer alttestamentarischen Gesetzestafel von einer Halterner Steinbildhauerei gestaltet wurde. Auf dem Granitstein sind neben einem hebr\u00e4ischen Segensspruch die Namen der von 1933 bis 1945 verfolgten j\u00fcdischen Mitb\u00fcrger und ein Klagelied zu lesen.<\/p>\n\n\n\n<p>N\u00e4chster Punkt:<br><iframe loading=\"lazy\" style=\"border: 0;\" src=\"https:\/\/www.google.com\/maps\/embed?pb=!1m18!1m12!1m3!1d1235.4610673556697!2d7.186107433250895!3d51.742632058180604!2m3!1f0!2f0!3f0!3m2!1i1024!2i768!4f13.1!3m3!1m2!1s0x47b8f939e957fc33%3A0xcefecbbdf545ec8b!2sSt.-Sixtus-Kirche!5e1!3m2!1sde!2sus!4v1500131833730\" allowfullscreen=\"allowfullscreen\" width=\"600\" height=\"450\" frameborder=\"0\"><\/iframe><\/p>\n","protected":false},"excerpt":{"rendered":"<p>Dieser Friedhof befindet sich seit dem Jahre 1767 an dieser Stelle unmittelbar au\u00dferhalb des alten Stadtgrabens. Am 26. Januar 1997 wurde f\u00fcr die w\u00e4hrend der NS-Gewaltherrschaft verfolgten j\u00fcdischen Mitb\u00fcrger ein Gedenkstein enth\u00fcllt, der in der Form einer alttestamentarischen Gesetzestafel von einer Halterner Steinbildhauerei gestaltet wurde. Auf dem Granitstein sind neben einem hebr\u00e4ischen Segensspruch die Namen &hellip; <a href=\"https:\/\/medienverein.org\/stadtrundgang\/juedischer-friedhof\/\" class=\"more-link\"><span class=\"screen-reader-text\">12. J\u00fcdischer Friedhof<\/span> weiterlesen<\/a><\/p>\n","protected":false},"author":2,"featured_media":0,"parent":0,"menu_order":12,"comment_status":"open","ping_status":"closed","template":"","meta":{"footnotes":""},"class_list":["post-58","page","type-page","status-publish","hentry"],"_links":{"self":[{"href":"https:\/\/medienverein.org\/stadtrundgang\/wp-json\/wp\/v2\/pages\/58","targetHints":{"allow":["GET"]}}],"collection":[{"href":"https:\/\/medienverein.org\/stadtrundgang\/wp-json\/wp\/v2\/pages"}],"about":[{"href":"https:\/\/medienverein.org\/stadtrundgang\/wp-json\/wp\/v2\/types\/page"}],"author":[{"embeddable":true,"href":"https:\/\/medienverein.org\/stadtrundgang\/wp-json\/wp\/v2\/users\/2"}],"replies":[{"embeddable":true,"href":"https:\/\/medienverein.org\/stadtrundgang\/wp-json\/wp\/v2\/comments?post=58"}],"version-history":[{"count":4,"href":"https:\/\/medienverein.org\/stadtrundgang\/wp-json\/wp\/v2\/pages\/58\/revisions"}],"predecessor-version":[{"id":319,"href":"https:\/\/medienverein.org\/stadtrundgang\/wp-json\/wp\/v2\/pages\/58\/revisions\/319"}],"wp:attachment":[{"href":"https:\/\/medienverein.org\/stadtrundgang\/wp-json\/wp\/v2\/media?parent=58"}],"curies":[{"name":"wp","href":"https:\/\/api.w.org\/{rel}","templated":true}]}}