{"id":56,"date":"2015-06-03T19:17:35","date_gmt":"2015-06-03T17:17:35","guid":{"rendered":"http:\/\/medienverein.org\/stadtrundgang\/?page_id=56"},"modified":"2021-07-28T11:10:48","modified_gmt":"2021-07-28T09:10:48","slug":"lipptor","status":"publish","type":"page","link":"https:\/\/medienverein.org\/stadtrundgang\/lipptor\/","title":{"rendered":"11. Lipptor"},"content":{"rendered":"\n<div class=\"wp-block-image\"><figure class=\"aligncenter is-resized\"><a href=\"http:\/\/medienverein.org\/stadtrundgang\/wp-content\/uploads\/2015\/06\/Bild9.jpg\"><img loading=\"lazy\" decoding=\"async\" src=\"http:\/\/medienverein.org\/stadtrundgang\/wp-content\/uploads\/2015\/06\/Bild9-300x234.jpg\" alt=\"Bild9\" class=\"wp-image-140\" width=\"583\" height=\"455\" srcset=\"https:\/\/medienverein.org\/stadtrundgang\/wp-content\/uploads\/2015\/06\/Bild9-300x234.jpg 300w, https:\/\/medienverein.org\/stadtrundgang\/wp-content\/uploads\/2015\/06\/Bild9-1024x800.jpg 1024w, https:\/\/medienverein.org\/stadtrundgang\/wp-content\/uploads\/2015\/06\/Bild9.jpg 1346w\" sizes=\"auto, (max-width: 583px) 100vw, 583px\" \/><\/a><\/figure><\/div>\n\n\n\n<figure class=\"wp-block-audio\"><audio controls src=\"http:\/\/medienverein.org\/stadtrundgang\/wp-content\/uploads\/2015\/06\/PODCAST.Lipptor.mp3\"><\/audio><\/figure>\n\n\n\n<p class=\"has-text-align-center\"><span style=\"font-family: Georgia,serif;\"><span style=\"font-size: large;\">Wie die meisten St\u00e4dte im Mittelalter besa\u00df auch Haltern eine Stadtbefestigung. Im Mauerring befanden sich vier Stadttore, durch die man in die Stadt gelangte oder sie verlie\u00df.<\/span><\/span><\/p>\n\n\n\n<p class=\"has-text-align-center\"><span style=\"font-family: Georgia,serif;\"><span style=\"font-size: large;\">Das Lipptor befand sich im Osten der Stadt, unmittelbar an der Lippe, die von hier bis zum Merschtor mit dem Stadtgraben identisch vor dem Mauerring entlangflo\u00df.<\/span><\/span><\/p>\n\n\n\n<p class=\"has-text-align-center\"><span style=\"font-family: Georgia,serif;\"><span style=\"font-size: large;\">Alle vier Tore bestanden aus einer dreiteiligen Toranlage von ca. 30 Metern L\u00e4nge. N\u00e4herte man sich von au\u00dferhalb der Stadt, durchschritt man zun\u00e4chst einen einfachen Torbogen. Kurz danach folgte das 1. Torhaus, ein quadratischer Turm, der an den Stadtgraben grenzte. Eine Zugbr\u00fccke f\u00fchrte \u00fcber den ca. 9 Meter breiten Graben zum ebenfalls quadratischen, einst\u00f6ckigen Haupttor, das Bestandteil der Stadtmauer war. Somit mu\u00dften Besucher drei Tore durchqueren, um in die Stadt zu gelangen.<\/span><\/span><\/p>\n\n\n\n<p class=\"has-text-align-center\"><span style=\"font-family: Georgia,serif;\"><span style=\"font-size: large;\">Im Laufe der Jahrhunderte wurden die Stadtmauer und auch das Lipptor bei kriegerischen Auseinandersetzungen mehrfach besch\u00e4digt und wieder instand gesetzt. Ab 1757 begann der systematische Abbruch und Verkauf der Stadtbefestigungen weil sie kriegstechnisch unbedeutend geworden waren. Die Steine fanden vielseitige Verwendung bei Neubauten und im Stra\u00dfenbau bis in die 30er Jahre des 19. Jahrhunderts.<b><\/b><\/span><\/span><\/p>\n\n\n\n<p class=\"has-text-align-center\"><span style=\"font-family: Georgia,serif;\"><span style=\"font-size: large;\">Bis 1570 war es nicht weit vom Lipptor zum Hafen an der Lippe, da diese ja hier unmittelbar auf die Stadt zuflo\u00df und bis zum Merschtor den Stadtgraben bildete. Deshalb legten die Kaufleute ihre Speicher und Lagerh\u00e4user direkt vor dem Tor an.<\/span><\/span><\/p>\n\n\n\n<p class=\"has-text-align-center\"><span style=\"font-family: Georgia,serif;\"><span style=\"font-size: large;\">Die Lippe ist ein Nebenflu\u00df des Rheins und wurde schon zu Zeiten der R\u00f6mer vor 2000 Jahren als Nachschub- und Handelsweg genutzt.<\/span><\/span><\/p>\n\n\n\n<p class=\"has-text-align-center\">H<span style=\"font-family: Georgia,serif;\"><span style=\"font-size: large;\">eute flie\u00dft die Lippe knapp 2 Km s\u00fcdlich des Halterner Stadtzentrums, weil sie nach einem schweren Hochwasser 1569\/70 ihr Bett verlagerte. <\/span><\/span><\/p>\n\n\n\n<p class=\"has-text-align-center\"><strong><span style=\"font-family: Georgia,serif;\"><span style=\"font-size: large;\">Dieser Podcast wurde von Alena Petermann, Lea Johland und Alexandra Schlobohm im Grundkurs Geschichte der Jahrgangsstufe 12 des Joseph-K\u00f6nig-Gymnasium Haltern am See im Schuljahr 2014\/15 verfasst.<\/span><\/span><\/strong><\/p>\n\n\n\n<p>N\u00e4chster Punkt:<br><iframe loading=\"lazy\" style=\"border: 0;\" src=\"https:\/\/www.google.com\/maps\/embed?pb=!1m18!1m12!1m3!1d1235.4699237099437!2d7.188263742858685!3d51.74230951144803!2m3!1f0!2f0!3f0!3m2!1i1024!2i768!4f13.1!3m3!1m2!1s0x47b8f9376bb39269%3A0x27cda4a131edc481!2sJ%C3%BCdischer+Friedhof!5e1!3m2!1sde!2sus!4v1500131795987\" allowfullscreen=\"allowfullscreen\" width=\"600\" height=\"450\" frameborder=\"0\"><\/iframe><\/p>\n","protected":false},"excerpt":{"rendered":"<p>Wie die meisten St\u00e4dte im Mittelalter besa\u00df auch Haltern eine Stadtbefestigung. Im Mauerring befanden sich vier Stadttore, durch die man in die Stadt gelangte oder sie verlie\u00df. Das Lipptor befand sich im Osten der Stadt, unmittelbar an der Lippe, die von hier bis zum Merschtor mit dem Stadtgraben identisch vor dem Mauerring entlangflo\u00df. Alle vier &hellip; <a href=\"https:\/\/medienverein.org\/stadtrundgang\/lipptor\/\" class=\"more-link\"><span class=\"screen-reader-text\">11. Lipptor<\/span> weiterlesen<\/a><\/p>\n","protected":false},"author":2,"featured_media":0,"parent":0,"menu_order":11,"comment_status":"open","ping_status":"closed","template":"","meta":{"footnotes":""},"class_list":["post-56","page","type-page","status-publish","hentry"],"_links":{"self":[{"href":"https:\/\/medienverein.org\/stadtrundgang\/wp-json\/wp\/v2\/pages\/56","targetHints":{"allow":["GET"]}}],"collection":[{"href":"https:\/\/medienverein.org\/stadtrundgang\/wp-json\/wp\/v2\/pages"}],"about":[{"href":"https:\/\/medienverein.org\/stadtrundgang\/wp-json\/wp\/v2\/types\/page"}],"author":[{"embeddable":true,"href":"https:\/\/medienverein.org\/stadtrundgang\/wp-json\/wp\/v2\/users\/2"}],"replies":[{"embeddable":true,"href":"https:\/\/medienverein.org\/stadtrundgang\/wp-json\/wp\/v2\/comments?post=56"}],"version-history":[{"count":6,"href":"https:\/\/medienverein.org\/stadtrundgang\/wp-json\/wp\/v2\/pages\/56\/revisions"}],"predecessor-version":[{"id":318,"href":"https:\/\/medienverein.org\/stadtrundgang\/wp-json\/wp\/v2\/pages\/56\/revisions\/318"}],"wp:attachment":[{"href":"https:\/\/medienverein.org\/stadtrundgang\/wp-json\/wp\/v2\/media?parent=56"}],"curies":[{"name":"wp","href":"https:\/\/api.w.org\/{rel}","templated":true}]}}