{"id":43,"date":"2015-06-03T19:06:54","date_gmt":"2015-06-03T17:06:54","guid":{"rendered":"http:\/\/medienverein.org\/stadtrundgang\/?page_id=43"},"modified":"2021-07-28T11:09:22","modified_gmt":"2021-07-28T09:09:22","slug":"erloeserkirche","status":"publish","type":"page","link":"https:\/\/medienverein.org\/stadtrundgang\/erloeserkirche\/","title":{"rendered":"5. Erl\u00f6serkirche"},"content":{"rendered":"\n<div class=\"wp-block-image\"><figure class=\"aligncenter\"><a href=\"http:\/\/medienverein.org\/stadtrundgang\/wp-content\/uploads\/2015\/06\/Bild17.jpg\"><img loading=\"lazy\" decoding=\"async\" width=\"1024\" height=\"821\" src=\"http:\/\/medienverein.org\/stadtrundgang\/wp-content\/uploads\/2015\/06\/Bild17-1024x821.jpg\" alt=\"Bild17\" class=\"wp-image-156\" srcset=\"https:\/\/medienverein.org\/stadtrundgang\/wp-content\/uploads\/2015\/06\/Bild17-1024x821.jpg 1024w, https:\/\/medienverein.org\/stadtrundgang\/wp-content\/uploads\/2015\/06\/Bild17-300x241.jpg 300w, https:\/\/medienverein.org\/stadtrundgang\/wp-content\/uploads\/2015\/06\/Bild17.jpg 1339w\" sizes=\"auto, (max-width: 1024px) 100vw, 1024px\" \/><\/a><\/figure><\/div>\n\n\n\n<figure class=\"wp-block-audio\"><audio controls src=\"http:\/\/medienverein.org\/stadtrundgang\/wp-content\/uploads\/2015\/06\/PODCAST.Erl\u00f6serkirche.mp3\"><\/audio><\/figure>\n\n\n\n<p class=\"has-text-align-center\">Die evangelische Kirche wurde 1912 im historisierenden Jugendstil errichtet. Sie ersetzte die zu klein gewordene Kirche an der Rekumer Stra\u00dfe in H\u00f6he der Wehrstra\u00dfe der damaligen Kirchengemeinde D\u00fclmen-Haltern aus dem Jahre 1855. Ende der 90er Jahre des 20. Jahrhunderts wurde das Paul-Gerhardt-Haus (Gemeindehaus) neben der Kirche errichtet.<\/p>\n\n\n\n<p>N\u00e4chster Punkt:<br><iframe loading=\"lazy\" style=\"border: 0;\" src=\"https:\/\/www.google.com\/maps\/embed?pb=!1m18!1m12!1m3!1d631.7313900946!2d7.179390560470544!3d51.74555284915475!2m3!1f0!2f0!3f0!3m2!1i1024!2i768!4f13.1!3m3!1m2!1s0x0%3A0x0!2zNTHCsDQ0JzQ0LjAiTiA3wrAxMCc0Ny44IkU!5e1!3m2!1sde!2sus!4v1500131140015\" allowfullscreen=\"allowfullscreen\" width=\"600\" height=\"450\" frameborder=\"0\"><\/iframe><\/p>\n","protected":false},"excerpt":{"rendered":"<p>Die evangelische Kirche wurde 1912 im historisierenden Jugendstil errichtet. Sie ersetzte die zu klein gewordene Kirche an der Rekumer Stra\u00dfe in H\u00f6he der Wehrstra\u00dfe der damaligen Kirchengemeinde D\u00fclmen-Haltern aus dem Jahre 1855. Ende der 90er Jahre des 20. Jahrhunderts wurde das Paul-Gerhardt-Haus (Gemeindehaus) neben der Kirche errichtet. N\u00e4chster Punkt:<\/p>\n","protected":false},"author":2,"featured_media":0,"parent":0,"menu_order":5,"comment_status":"open","ping_status":"closed","template":"","meta":{"footnotes":""},"class_list":["post-43","page","type-page","status-publish","hentry"],"_links":{"self":[{"href":"https:\/\/medienverein.org\/stadtrundgang\/wp-json\/wp\/v2\/pages\/43","targetHints":{"allow":["GET"]}}],"collection":[{"href":"https:\/\/medienverein.org\/stadtrundgang\/wp-json\/wp\/v2\/pages"}],"about":[{"href":"https:\/\/medienverein.org\/stadtrundgang\/wp-json\/wp\/v2\/types\/page"}],"author":[{"embeddable":true,"href":"https:\/\/medienverein.org\/stadtrundgang\/wp-json\/wp\/v2\/users\/2"}],"replies":[{"embeddable":true,"href":"https:\/\/medienverein.org\/stadtrundgang\/wp-json\/wp\/v2\/comments?post=43"}],"version-history":[{"count":5,"href":"https:\/\/medienverein.org\/stadtrundgang\/wp-json\/wp\/v2\/pages\/43\/revisions"}],"predecessor-version":[{"id":311,"href":"https:\/\/medienverein.org\/stadtrundgang\/wp-json\/wp\/v2\/pages\/43\/revisions\/311"}],"wp:attachment":[{"href":"https:\/\/medienverein.org\/stadtrundgang\/wp-json\/wp\/v2\/media?parent=43"}],"curies":[{"name":"wp","href":"https:\/\/api.w.org\/{rel}","templated":true}]}}