{"id":34,"date":"2015-06-03T18:58:16","date_gmt":"2015-06-03T16:58:16","guid":{"rendered":"http:\/\/medienverein.org\/stadtrundgang\/?page_id=34"},"modified":"2021-07-28T11:08:45","modified_gmt":"2021-07-28T09:08:45","slug":"altes-rathaus","status":"publish","type":"page","link":"https:\/\/medienverein.org\/stadtrundgang\/altes-rathaus\/","title":{"rendered":"1. Altes Rathaus"},"content":{"rendered":"\n<div class=\"wp-block-image\"><figure class=\"aligncenter is-resized\"><a href=\"http:\/\/medienverein.org\/stadtrundgang\/wp-content\/uploads\/2015\/06\/Bild5.jpg\"><img loading=\"lazy\" decoding=\"async\" src=\"http:\/\/medienverein.org\/stadtrundgang\/wp-content\/uploads\/2015\/06\/Bild5-300x200.jpg\" alt=\"Bild5\" class=\"wp-image-132\" width=\"666\" height=\"444\" srcset=\"https:\/\/medienverein.org\/stadtrundgang\/wp-content\/uploads\/2015\/06\/Bild5-300x200.jpg 300w, https:\/\/medienverein.org\/stadtrundgang\/wp-content\/uploads\/2015\/06\/Bild5-1024x682.jpg 1024w, https:\/\/medienverein.org\/stadtrundgang\/wp-content\/uploads\/2015\/06\/Bild5.jpg 1398w\" sizes=\"auto, (max-width: 666px) 100vw, 666px\" \/><\/a><\/figure><\/div>\n\n\n\n<figure class=\"wp-block-audio\"><audio controls src=\"http:\/\/medienverein.org\/stadtrundgang\/wp-content\/uploads\/2015\/06\/PODCAST.Altes-Rathaus.mp3\"><\/audio><\/figure>\n\n\n\n<p class=\"has-text-align-center\">1575 wurde mit dem Bau des Rathauses begonnen, 1577 wurde es fertiggestellt. Der&nbsp; Eingangsbereich \u00f6ffnet sich zum Marktplatz in Form einer Laube, die von 4 B\u00f6gen begrenzt ist. Das urspr\u00fcngliche Rathaus bestand aus 2 zweigeschossigen Geb\u00e4udeteilen, die hintereinander angeordnet waren und deren Giebel zur Rekumer Stra\u00dfe zeigten. 1910 wurde in die zum Markt weisende Eingangsseite ein sogenannter Zwerchgiebel eingef\u00fcgt.<\/p>\n\n\n\n<p class=\"has-text-align-center\">W\u00e4hrend des 2. Weltkrieges erlitt die obere H\u00e4lfte des Geb\u00e4udes massive Besch\u00e4digungen, die einen Wiederaufbau erforderlich machten. Wie wichtig den Halterner B\u00fcrgern die Wiederherstellung des Rathauses war, bezeugt eine Stellungnahme des damaligen Stadtarchitekten Hans Antonio R\u00f6wer:<\/p>\n\n\n\n<p class=\"has-text-align-center\">\u201eAls ich im September 1945 vollkommen ausgebombt&nbsp; nach Haltern zur\u00fcckkam, war&nbsp; meine erste Sorge unser sch\u00f6nes altes Rathaus. Ohne Auftrag bin ich sofort angefangen und habe mir nach und nach, Monat f\u00fcr Monat, all die Ma\u00dfe zusammengetragen, die f\u00fcr den Wiederaufbau des Rathauses erforderlich waren.\u201c<\/p>\n\n\n\n<p class=\"has-text-align-center\">Bei der Wiederherstellung erhielt das Geb\u00e4ude einen weiteren Anbau<br>und somit einen dritten Giebel zur Rekumer Stra\u00dfe hin. Die Ausf\u00fchrung<br>erfolgte in vereinfachter Form; die ehemals barock geschwungenen<br>Giebel wurden durch schlichte Treppengiebel ersetzt. Zur Marktseite hin schm\u00fcckte die Fassade das Stadtwappen mit der Jahreszahl 1577 und zur Rekumer Stra\u00dfe eine Sonnenuhr, die auf das Jahr 1632 zur\u00fcckdatiert werden kann.&nbsp; 1989 wurde im Zwerchgiebel \u00fcber dem Eingangsbereich ein Glockenspiel eingef\u00fcgt.<\/p>\n\n\n\n<p class=\"has-text-align-center\">Als 1987 die Stadtverwaltung wegen Platzmangels in das neue Rathaus<br>am Kardinal-von-Galen-Park umzog, wurde das Alte Rathaus neuen Funktionen zugef\u00fchrt. Es beherbergt heute das Standesamt und die Stadtagentur mit dem Tourismusb\u00fcro. Der ehemalige Sitzungssaal wird gelegentlich f\u00fcr besondere Veranstaltungen genutzt. Das Alte Rathaus pr\u00e4gt nach wie vor das Stadtbild von Haltern am See und ist Anziehungspunkt f\u00fcr Besucher.<\/p>\n\n\n\n<p>N\u00e4chster Punkt:<\/p>\n\n\n\n<p><iframe loading=\"lazy\" style=\"border: 0;\" src=\"https:\/\/www.google.com\/maps\/embed?pb=!1m18!1m12!1m3!1d1468.8856472790712!2d7.1837691530739!3d51.74471564134412!2m3!1f0!2f0!3f0!3m2!1i1024!2i768!4f13.1!3m3!1m2!1s0x47b8f93bc6057029%3A0xa8fdd313b6fe4b75!2sHeimathaus+Haltern!5e0!3m2!1sde!2sus!4v1500130800638\" allowfullscreen=\"allowfullscreen\" width=\"600\" height=\"450\" frameborder=\"0\"><\/iframe><\/p>\n","protected":false},"excerpt":{"rendered":"<p>1575 wurde mit dem Bau des Rathauses begonnen, 1577 wurde es fertiggestellt. Der&nbsp; Eingangsbereich \u00f6ffnet sich zum Marktplatz in Form einer Laube, die von 4 B\u00f6gen begrenzt ist. Das urspr\u00fcngliche Rathaus bestand aus 2 zweigeschossigen Geb\u00e4udeteilen, die hintereinander angeordnet waren und deren Giebel zur Rekumer Stra\u00dfe zeigten. 1910 wurde in die zum Markt weisende Eingangsseite &hellip; <a href=\"https:\/\/medienverein.org\/stadtrundgang\/altes-rathaus\/\" class=\"more-link\"><span class=\"screen-reader-text\">1. Altes Rathaus<\/span> weiterlesen<\/a><\/p>\n","protected":false},"author":2,"featured_media":0,"parent":0,"menu_order":1,"comment_status":"open","ping_status":"closed","template":"","meta":{"footnotes":""},"class_list":["post-34","page","type-page","status-publish","hentry"],"_links":{"self":[{"href":"https:\/\/medienverein.org\/stadtrundgang\/wp-json\/wp\/v2\/pages\/34","targetHints":{"allow":["GET"]}}],"collection":[{"href":"https:\/\/medienverein.org\/stadtrundgang\/wp-json\/wp\/v2\/pages"}],"about":[{"href":"https:\/\/medienverein.org\/stadtrundgang\/wp-json\/wp\/v2\/types\/page"}],"author":[{"embeddable":true,"href":"https:\/\/medienverein.org\/stadtrundgang\/wp-json\/wp\/v2\/users\/2"}],"replies":[{"embeddable":true,"href":"https:\/\/medienverein.org\/stadtrundgang\/wp-json\/wp\/v2\/comments?post=34"}],"version-history":[{"count":10,"href":"https:\/\/medienverein.org\/stadtrundgang\/wp-json\/wp\/v2\/pages\/34\/revisions"}],"predecessor-version":[{"id":307,"href":"https:\/\/medienverein.org\/stadtrundgang\/wp-json\/wp\/v2\/pages\/34\/revisions\/307"}],"wp:attachment":[{"href":"https:\/\/medienverein.org\/stadtrundgang\/wp-json\/wp\/v2\/media?parent=34"}],"curies":[{"name":"wp","href":"https:\/\/api.w.org\/{rel}","templated":true}]}}