{"id":330,"date":"2021-07-28T11:21:12","date_gmt":"2021-07-28T09:21:12","guid":{"rendered":"https:\/\/medienverein.org\/stadtrundgang\/?page_id=330"},"modified":"2021-07-28T11:25:36","modified_gmt":"2021-07-28T09:25:36","slug":"familie-daniel","status":"publish","type":"page","link":"https:\/\/medienverein.org\/stadtrundgang\/familie-daniel\/","title":{"rendered":"22. Familie Daniel"},"content":{"rendered":"\n<figure class=\"wp-block-audio aligncenter\"><audio controls src=\"https:\/\/medienverein.org\/stadtrundgang\/wp-content\/uploads\/2021\/07\/Familie-Daniel.mp3\"><\/audio><\/figure>\n\n\n\n<p class=\"has-text-align-center\">Die Familienmitglieder der Familie Daniel waren Ella Daniel, Heinrich Daniel und deren Tochter Hanna Lore Daniel.<\/p>\n\n\n\n<p class=\"has-text-align-center\">Heinrich Daniel wurde 1888 in Koblenz geboren, Ella Hayum 6 Jahre sp\u00e4ter in Merzig.<\/p>\n\n\n\n<p class=\"has-text-align-center\">Die beiden heirateten und zogen gemeinsam nach Haltern in die Rekumer Stra\u00dfe 5.<\/p>\n\n\n\n<p class=\"has-text-align-center\">Dort arbeitete Heinrich als Kaufmann und Textilvertreter, w\u00e4hrend Ella ein Putz- und Hutmacherinnen Gesch\u00e4ft f\u00fchrte.<\/p>\n\n\n\n<p class=\"has-text-align-center\">Zudem war Heinrich als Schriftf\u00fchrer der j\u00fcdischen Gemeinde in Haltern t\u00e4tig und arbeitete sp\u00e4ter als Gesch\u00e4ftsf\u00fchrer der israelitischen Gemeinde.<\/p>\n\n\n\n<p class=\"has-text-align-center\">Im Jahr 1928 wurde die Tochter Hanna Lore in Haltern geboren. Sie war gehbehindert und gesundheitlich schwach, daher besuchte sie die Marienschule nur wenige Jahre.<\/p>\n\n\n\n<p class=\"has-text-align-center\">Die Auswirkungen des Nationalsozialismus auf das Leben der Familie Daniel zeigten sich 1937: Heinrich konnte nicht erneut zum Vorstand der israelitischen Gemeinde gew\u00e4hlt werden, da kein j\u00fcdischer Wahlvorstand akzeptiert wurde &#8211; der Vorstand entfiel g\u00e4nzlich, da die Stadt keinen neuen Vorschlag benennen konnte.<\/p>\n\n\n\n<p class=\"has-text-align-center\">In der Pogromnacht im November 1938 versteckte sich die Familie Daniel im Keller bei der Familie Kleinefeld und sp\u00e4ter in der Scheune der Familie.<\/p>\n\n\n\n<p class=\"has-text-align-center\">Hanna Lore verlor ihre Puppe im Feuer und weinte, weshalb ein Sohn der Familie Buttgereit die Puppe aus dem Feuer zog und ihr zur\u00fcckgab.<\/p>\n\n\n\n<p class=\"has-text-align-center\">Augenzeugen berichteten, dass der Aufruf &#8222;Deutsche kauft nicht bei Juden&#8220; an die Wand des Hauses von Familie Daniel gemalt wurde.<\/p>\n\n\n\n<p class=\"has-text-align-center\">Im Dezember wurden die Geburtsurkunden von Ella und Heinrich mit dem Namenszusatz &#8222;Sara&#8220; und &#8222;Israel&#8220; versehen, was eine weitere Form der Diskriminierung war.<\/p>\n\n\n\n<p class=\"has-text-align-center\">Im Juli 1939 floh die Familie zuerst zu den Eltern von Ella nach Recklinghausen, danach nach Dortmund.<\/p>\n\n\n\n<p class=\"has-text-align-center\">Die Familie Daniel wurde im Juli 1942 zusammen ins Ghetto Theresienstadt deportiert, welches als &#8222;Alten- und Pflegeheim&#8220; bezeichnet wurde. Von dort aus wurden alle drei Familienmitglieder am 09.10.1944 ins Konzentrationslager Auschwitz deportiert.<\/p>\n\n\n\n<p class=\"has-text-align-center\">Ella wurde in Auschwitz ermordet und Heinrich und Hanna Lore wurden ebenfalls f\u00fcr tot erkl\u00e4rt.<\/p>\n\n\n\n<p><\/p>\n\n\n\n<p>Quellen:<\/p>\n\n\n\n<ul class=\"wp-block-list\"><li>Der Text (auf dem die Infos basieren) wurde von Friederike Himmelmann, Linda Santowski und Dorit Bonk im Grundkurs Geschichte der Jahrgangsstufe 12 des Joseph-K\u00f6nig-Gymnasium Haltern am See im Schuljahr 2014\/15 verfasst.<\/li><li><a href=\"https:\/\/erlebe-haltern.de\/juedischer-friedhof\/\">https:\/\/erlebe-haltern.de\/juedischer-friedhof\/<\/a><\/li><li>\u201cErinnern &amp; Gedenken gegen Vergessen &amp; Verdr\u00e4ngen\u201d &#8211; von Dieter St\u00fcber (zweite Auflage, Haltern 2017)<\/li><li>\u201cDie Geschichte der Juden in Haltern\u201d &#8211; ein Projekt der Klassen 12 der H\u00f6heren Handelsschulen an der Hans-B\u00f6ckler-Kollegschule Haltern in Zusammenarbeit mit der Stadt Haltern<\/li><\/ul>\n","protected":false},"excerpt":{"rendered":"<p>Die Familienmitglieder der Familie Daniel waren Ella Daniel, Heinrich Daniel und deren Tochter Hanna Lore Daniel. Heinrich Daniel wurde 1888 in Koblenz geboren, Ella Hayum 6 Jahre sp\u00e4ter in Merzig. Die beiden heirateten und zogen gemeinsam nach Haltern in die Rekumer Stra\u00dfe 5. Dort arbeitete Heinrich als Kaufmann und Textilvertreter, w\u00e4hrend Ella ein Putz- und &hellip; <a href=\"https:\/\/medienverein.org\/stadtrundgang\/familie-daniel\/\" class=\"more-link\"><span class=\"screen-reader-text\">22. Familie Daniel<\/span> weiterlesen<\/a><\/p>\n","protected":false},"author":2,"featured_media":0,"parent":0,"menu_order":22,"comment_status":"closed","ping_status":"closed","template":"","meta":{"footnotes":""},"class_list":["post-330","page","type-page","status-publish","hentry"],"_links":{"self":[{"href":"https:\/\/medienverein.org\/stadtrundgang\/wp-json\/wp\/v2\/pages\/330","targetHints":{"allow":["GET"]}}],"collection":[{"href":"https:\/\/medienverein.org\/stadtrundgang\/wp-json\/wp\/v2\/pages"}],"about":[{"href":"https:\/\/medienverein.org\/stadtrundgang\/wp-json\/wp\/v2\/types\/page"}],"author":[{"embeddable":true,"href":"https:\/\/medienverein.org\/stadtrundgang\/wp-json\/wp\/v2\/users\/2"}],"replies":[{"embeddable":true,"href":"https:\/\/medienverein.org\/stadtrundgang\/wp-json\/wp\/v2\/comments?post=330"}],"version-history":[{"count":1,"href":"https:\/\/medienverein.org\/stadtrundgang\/wp-json\/wp\/v2\/pages\/330\/revisions"}],"predecessor-version":[{"id":332,"href":"https:\/\/medienverein.org\/stadtrundgang\/wp-json\/wp\/v2\/pages\/330\/revisions\/332"}],"wp:attachment":[{"href":"https:\/\/medienverein.org\/stadtrundgang\/wp-json\/wp\/v2\/media?parent=330"}],"curies":[{"name":"wp","href":"https:\/\/api.w.org\/{rel}","templated":true}]}}