{"id":276,"date":"2020-04-06T20:23:33","date_gmt":"2020-04-06T18:23:33","guid":{"rendered":"https:\/\/medienverein.org\/stadtrundgang\/?page_id=276"},"modified":"2021-07-28T11:14:35","modified_gmt":"2021-07-28T09:14:35","slug":"saarlauternstrasse","status":"publish","type":"page","link":"https:\/\/medienverein.org\/stadtrundgang\/saarlauternstrasse\/","title":{"rendered":"19. Saarlauternstra\u00dfe"},"content":{"rendered":"\n<div class=\"wp-block-image\"><figure class=\"aligncenter size-large is-resized\"><img loading=\"lazy\" decoding=\"async\" src=\"https:\/\/medienverein.org\/stadtrundgang\/wp-content\/uploads\/2020\/04\/landscape-4342512_1920-1024x683.jpg\" alt=\"\" class=\"wp-image-280\" width=\"459\" height=\"305\" srcset=\"https:\/\/medienverein.org\/stadtrundgang\/wp-content\/uploads\/2020\/04\/landscape-4342512_1920-1024x683.jpg 1024w, https:\/\/medienverein.org\/stadtrundgang\/wp-content\/uploads\/2020\/04\/landscape-4342512_1920-300x200.jpg 300w, https:\/\/medienverein.org\/stadtrundgang\/wp-content\/uploads\/2020\/04\/landscape-4342512_1920-768x512.jpg 768w, https:\/\/medienverein.org\/stadtrundgang\/wp-content\/uploads\/2020\/04\/landscape-4342512_1920-1536x1024.jpg 1536w, https:\/\/medienverein.org\/stadtrundgang\/wp-content\/uploads\/2020\/04\/landscape-4342512_1920.jpg 1920w\" sizes=\"auto, (max-width: 459px) 100vw, 459px\" \/><\/figure><\/div>\n\n\n\n<figure class=\"wp-block-audio aligncenter\"><audio controls src=\"https:\/\/medienverein.org\/stadtrundgang\/wp-content\/uploads\/2020\/04\/1204.mp3\"><\/audio><\/figure>\n\n\n\n<p><\/p>\n\n\n\n<p class=\"has-text-align-center\">Die Stadt Saarlouis im Saarland geh\u00f6rte seit ihrer Gr\u00fcndung 1680 wechselweise zu Frankreich und zu Deutschland und wurde mehrfach umbenannt. 1935 wurde das Saarland zum Deutschen Reich geschlagen, der Name Saarlouis 1936 zu Saarlautern eingedeutscht. Nach Kriegsende 1945 wurde die Umbenennung wieder r\u00fcckg\u00e4ngig gemacht. Den Stadtnamen Saarlautern gab es somit nur w\u00e4hrend des Nationalsozialistischen Regimes. Zur Feier der Annexion des Saarlandes wurden 1936 in mehreren deutschen St\u00e4dten, so auch in Haltern am See, Stra\u00dfen nach Saarlautern benannt. Die meisten dieser Benennungen wurden inzwischen wieder r\u00fcckg\u00e4ngig gemacht. Heute gibt es nur noch in drei deutschen St\u00e4dten Saarlauternstra\u00dfen.<\/p>\n","protected":false},"excerpt":{"rendered":"<p>Die Stadt Saarlouis im Saarland geh\u00f6rte seit ihrer Gr\u00fcndung 1680 wechselweise zu Frankreich und zu Deutschland und wurde mehrfach umbenannt. 1935 wurde das Saarland zum Deutschen Reich geschlagen, der Name Saarlouis 1936 zu Saarlautern eingedeutscht. Nach Kriegsende 1945 wurde die Umbenennung wieder r\u00fcckg\u00e4ngig gemacht. Den Stadtnamen Saarlautern gab es somit nur w\u00e4hrend des Nationalsozialistischen Regimes. &hellip; <a href=\"https:\/\/medienverein.org\/stadtrundgang\/saarlauternstrasse\/\" class=\"more-link\"><span class=\"screen-reader-text\">19. Saarlauternstra\u00dfe<\/span> weiterlesen<\/a><\/p>\n","protected":false},"author":2,"featured_media":0,"parent":0,"menu_order":19,"comment_status":"open","ping_status":"closed","template":"","meta":{"footnotes":""},"class_list":["post-276","page","type-page","status-publish","hentry"],"_links":{"self":[{"href":"https:\/\/medienverein.org\/stadtrundgang\/wp-json\/wp\/v2\/pages\/276","targetHints":{"allow":["GET"]}}],"collection":[{"href":"https:\/\/medienverein.org\/stadtrundgang\/wp-json\/wp\/v2\/pages"}],"about":[{"href":"https:\/\/medienverein.org\/stadtrundgang\/wp-json\/wp\/v2\/types\/page"}],"author":[{"embeddable":true,"href":"https:\/\/medienverein.org\/stadtrundgang\/wp-json\/wp\/v2\/users\/2"}],"replies":[{"embeddable":true,"href":"https:\/\/medienverein.org\/stadtrundgang\/wp-json\/wp\/v2\/comments?post=276"}],"version-history":[{"count":6,"href":"https:\/\/medienverein.org\/stadtrundgang\/wp-json\/wp\/v2\/pages\/276\/revisions"}],"predecessor-version":[{"id":325,"href":"https:\/\/medienverein.org\/stadtrundgang\/wp-json\/wp\/v2\/pages\/276\/revisions\/325"}],"wp:attachment":[{"href":"https:\/\/medienverein.org\/stadtrundgang\/wp-json\/wp\/v2\/media?parent=276"}],"curies":[{"name":"wp","href":"https:\/\/api.w.org\/{rel}","templated":true}]}}