{"id":111,"date":"2015-06-22T19:58:55","date_gmt":"2015-06-22T17:58:55","guid":{"rendered":"http:\/\/medienverein.org\/stadtrundgang\/?page_id=111"},"modified":"2022-04-17T13:36:53","modified_gmt":"2022-04-17T11:36:53","slug":"stadtrundgang","status":"publish","type":"page","link":"https:\/\/medienverein.org\/stadtrundgang\/","title":{"rendered":"Stadtrundgang"},"content":{"rendered":"\n<figure class=\"wp-block-embed is-type-video is-provider-youtube wp-block-embed-youtube wp-embed-aspect-4-3 wp-has-aspect-ratio\"><div class=\"wp-block-embed__wrapper\">\n<iframe loading=\"lazy\" title=\"Stadtrundgang mit QR Codes in Haltern am See\" width=\"660\" height=\"371\" src=\"https:\/\/www.youtube.com\/embed\/NJkG_qipJTA?feature=oembed\" frameborder=\"0\" allow=\"accelerometer; autoplay; clipboard-write; encrypted-media; gyroscope; picture-in-picture; web-share\" referrerpolicy=\"strict-origin-when-cross-origin\" allowfullscreen><\/iframe>\n<\/div><\/figure>\n\n\n\n<p class=\"has-text-align-center\"><a href=\"https:\/\/medienverein.org\/2016\/03\/stadtrundgang-mit-qr-codes-in-haltern-am-see\/\">https:\/\/medienverein.org\/2016\/03\/stadtrundgang-mit-qr-codes-in-haltern-am-see\/<\/a><\/p>\n\n\n\n<p class=\"has-text-align-center\">An vielen Orten in der Halterner Innenstadt wurden Schilder plaziert, auf denen sich ein QR Code befindet.<\/p>\n\n\n\n<div class=\"wp-block-image\"><figure class=\"aligncenter\"><img decoding=\"async\" src=\"https:\/\/chart.googleapis.com\/chart?cht=qr&amp;chl=http%3A%2F%2Fmedienverein.org&amp;chs=180x180&amp;choe=UTF-8&amp;chld=L%7C2\" alt=\"https:\/\/chart.googleapis.com\/chart?cht=qr&amp;chl=http%3A%2F%2Fmedienverein.org&amp;chs=180x180&amp;choe=UTF-8&amp;chld=L|2\"\/><\/figure><\/div>\n\n\n\n<p class=\"has-text-align-center\">Diese QR Codes k\u00f6nnen von eurem Mobil Ger\u00e4t eingescannt werden, was dazu f\u00fchrt, dass euer Ger\u00e4t euch viele Informationen zu diesem Ort erz\u00e4hlt. Falls euer Ger\u00e4t von Haus aus keine QR Codes einscannen kann, empfehlen wir eine der folgenden Apps zu Installieren.<\/p>\n\n\n\n<p class=\"has-text-align-center\">IOS: &#8222;<a href=\"https:\/\/itunes.apple.com\/de\/app\/qr-code-scanner\/id483336864?mt=8\">QR Code Scanner&#8220;<\/a><\/p>\n\n\n\n<p class=\"has-text-align-center\">Android: &#8222;<a href=\"https:\/\/play.google.com\/store\/apps\/details?id=me.scan.android.client&amp;hl=de\">QR Code Reader<\/a>&#8222;<\/p>\n\n\n\n<p class=\"has-text-align-center\">Windows Phone: &#8222;<a href=\"http:\/\/www.windowsphone.com\/de-de\/store\/app\/qr-code-scanner\/352fad4a-6f14-4508-a09a-818b417ea634\">QR-code Scanner<\/a>&#8222;<\/p>\n\n\n\n<p><\/p>\n","protected":false},"excerpt":{"rendered":"<p>https:\/\/medienverein.org\/2016\/03\/stadtrundgang-mit-qr-codes-in-haltern-am-see\/ An vielen Orten in der Halterner Innenstadt wurden Schilder plaziert, auf denen sich ein QR Code befindet. Diese QR Codes k\u00f6nnen von eurem Mobil Ger\u00e4t eingescannt werden, was dazu f\u00fchrt, dass euer Ger\u00e4t euch viele Informationen zu diesem Ort erz\u00e4hlt. Falls euer Ger\u00e4t von Haus aus keine QR Codes einscannen kann, empfehlen wir eine &hellip; <a href=\"https:\/\/medienverein.org\/stadtrundgang\/\" class=\"more-link\"><span class=\"screen-reader-text\">Stadtrundgang<\/span> weiterlesen<\/a><\/p>\n","protected":false},"author":2,"featured_media":0,"parent":0,"menu_order":0,"comment_status":"closed","ping_status":"open","template":"","meta":{"footnotes":""},"class_list":["post-111","page","type-page","status-publish","hentry"],"_links":{"self":[{"href":"https:\/\/medienverein.org\/stadtrundgang\/wp-json\/wp\/v2\/pages\/111","targetHints":{"allow":["GET"]}}],"collection":[{"href":"https:\/\/medienverein.org\/stadtrundgang\/wp-json\/wp\/v2\/pages"}],"about":[{"href":"https:\/\/medienverein.org\/stadtrundgang\/wp-json\/wp\/v2\/types\/page"}],"author":[{"embeddable":true,"href":"https:\/\/medienverein.org\/stadtrundgang\/wp-json\/wp\/v2\/users\/2"}],"replies":[{"embeddable":true,"href":"https:\/\/medienverein.org\/stadtrundgang\/wp-json\/wp\/v2\/comments?post=111"}],"version-history":[{"count":15,"href":"https:\/\/medienverein.org\/stadtrundgang\/wp-json\/wp\/v2\/pages\/111\/revisions"}],"predecessor-version":[{"id":343,"href":"https:\/\/medienverein.org\/stadtrundgang\/wp-json\/wp\/v2\/pages\/111\/revisions\/343"}],"wp:attachment":[{"href":"https:\/\/medienverein.org\/stadtrundgang\/wp-json\/wp\/v2\/media?parent=111"}],"curies":[{"name":"wp","href":"https:\/\/api.w.org\/{rel}","templated":true}]}}